{"id":3585,"date":"2025-09-25T13:27:17","date_gmt":"2025-09-25T13:27:17","guid":{"rendered":"https:\/\/analvn.com\/?post_type=product&#038;p=3585"},"modified":"2025-09-25T13:27:17","modified_gmt":"2025-09-25T13:27:17","slug":"quan-lot-rung-9-che-do-chong-nuoc","status":"publish","type":"product","link":"https:\/\/analvn.com\/?product=quan-lot-rung-9-che-do-chong-nuoc","title":{"rendered":"Qu\u1ea7n l\u00f3t rung 9 ch\u1ebf \u0111\u1ed9 ch\u1ed1ng n\u01b0\u1edbc"},"content":{"rendered":"<p><img loading=\"lazy\" decoding=\"async\" class=\"alignnone size-medium wp-image-3550\" src=\"https:\/\/analvn.com\/wp-content\/uploads\/2025\/09\/O1CN01NoDL1G1XMpdEEI7lz_2215466302910-0-cib-300x123.jpg\" alt=\"\" width=\"300\" height=\"123\" srcset=\"https:\/\/analvn.com\/wp-content\/uploads\/2025\/09\/O1CN01NoDL1G1XMpdEEI7lz_2215466302910-0-cib-300x123.jpg 300w, https:\/\/analvn.com\/wp-content\/uploads\/2025\/09\/O1CN01NoDL1G1XMpdEEI7lz_2215466302910-0-cib-1024x420.jpg 1024w, https:\/\/analvn.com\/wp-content\/uploads\/2025\/09\/O1CN01NoDL1G1XMpdEEI7lz_2215466302910-0-cib-768x315.jpg 768w, https:\/\/analvn.com\/wp-content\/uploads\/2025\/09\/O1CN01NoDL1G1XMpdEEI7lz_2215466302910-0-cib-600x246.jpg 600w, https:\/\/analvn.com\/wp-content\/uploads\/2025\/09\/O1CN01NoDL1G1XMpdEEI7lz_2215466302910-0-cib.jpg 1464w\" sizes=\"auto, (max-width: 300px) 100vw, 300px\" \/> <img loading=\"lazy\" decoding=\"async\" class=\"alignnone size-medium wp-image-3549\" src=\"https:\/\/analvn.com\/wp-content\/uploads\/2025\/09\/O1CN01uOBNoc1XMpdFqbDTn_2215466302910-0-cib-300x300.jpg\" alt=\"\" width=\"300\" height=\"300\" srcset=\"https:\/\/analvn.com\/wp-content\/uploads\/2025\/09\/O1CN01uOBNoc1XMpdFqbDTn_2215466302910-0-cib-300x300.jpg 300w, https:\/\/analvn.com\/wp-content\/uploads\/2025\/09\/O1CN01uOBNoc1XMpdFqbDTn_2215466302910-0-cib-1024x1024.jpg 1024w, https:\/\/analvn.com\/wp-content\/uploads\/2025\/09\/O1CN01uOBNoc1XMpdFqbDTn_2215466302910-0-cib-150x150.jpg 150w, https:\/\/analvn.com\/wp-content\/uploads\/2025\/09\/O1CN01uOBNoc1XMpdFqbDTn_2215466302910-0-cib-768x768.jpg 768w, https:\/\/analvn.com\/wp-content\/uploads\/2025\/09\/O1CN01uOBNoc1XMpdFqbDTn_2215466302910-0-cib-1536x1536.jpg 1536w, https:\/\/analvn.com\/wp-content\/uploads\/2025\/09\/O1CN01uOBNoc1XMpdFqbDTn_2215466302910-0-cib-600x600.jpg 600w, https:\/\/analvn.com\/wp-content\/uploads\/2025\/09\/O1CN01uOBNoc1XMpdFqbDTn_2215466302910-0-cib-100x100.jpg 100w, https:\/\/analvn.com\/wp-content\/uploads\/2025\/09\/O1CN01uOBNoc1XMpdFqbDTn_2215466302910-0-cib-50x50.jpg 50w, https:\/\/analvn.com\/wp-content\/uploads\/2025\/09\/O1CN01uOBNoc1XMpdFqbDTn_2215466302910-0-cib.jpg 1600w\" sizes=\"auto, (max-width: 300px) 100vw, 300px\" \/><\/p>\n","protected":false},"excerpt":{"rendered":"<h4 data-start=\"349\" data-end=\"376\">\u0110\u1eb7c \u0111i\u1ec3m n\u1ed5i b\u1eadt:<\/h4>\n<ul data-start=\"377\" data-end=\"966\">\n<li data-start=\"377\" data-end=\"492\">\n<p data-start=\"379\" data-end=\"492\"><strong data-start=\"379\" data-end=\"412\">9 ch\u1ebf \u0111\u1ed9 rung m\u1ea1nh m\u1ebd &amp; \u00eam \u00e1i<\/strong>: t\u00f9y ch\u1ec9nh theo t\u1eebng c\u1ea3m x\u00fac, t\u1eeb nh\u1eb9 nh\u00e0ng vu\u1ed1t ve \u0111\u1ebfn rung \u0111\u1ed9ng cu\u1ed3ng nhi\u1ec7t.<\/p>\n<\/li>\n<li data-start=\"493\" data-end=\"586\">\n<p data-start=\"495\" data-end=\"586\"><strong data-start=\"495\" data-end=\"524\">Thi\u1ebft k\u1ebf h\u00ecnh b\u01b0\u1edbm \u00f4m s\u00e1t<\/strong>: \u0111\u01b0\u1eddng cong \u00f4m kh\u00edt v\u00f9ng nh\u1ea1y c\u1ea3m, v\u1eeba d\u1ec5 ch\u1ecbu v\u1eeba k\u00edn \u0111\u00e1o.<\/p>\n<\/li>\n<li data-start=\"587\" data-end=\"695\">\n<p data-start=\"589\" data-end=\"695\"><strong data-start=\"589\" data-end=\"617\">\u0110i\u1ec1u khi\u1ec3n t\u1eeb xa qua app<\/strong>: k\u1ebft n\u1ed1i \u0111i\u1ec7n tho\u1ea1i th\u00f4ng minh, d\u1ec5 d\u00e0ng \u0111i\u1ec1u ch\u1ec9nh ch\u1ebf \u0111\u1ed9 ngay c\u1ea3 khi \u1edf xa.<\/p>\n<\/li>\n<li data-start=\"696\" data-end=\"785\">\n<p data-start=\"698\" data-end=\"785\"><strong data-start=\"698\" data-end=\"722\">Ho\u00e0n to\u00e0n ch\u1ed1ng n\u01b0\u1edbc<\/strong>: s\u1eed d\u1ee5ng an to\u00e0n trong ph\u00f2ng t\u1eafm, h\u1ed3 b\u01a1i v\u00e0 d\u1ec5 d\u00e0ng v\u1ec7 sinh.<\/p>\n<\/li>\n<li data-start=\"786\" data-end=\"879\">\n<p data-start=\"788\" data-end=\"879\"><strong data-start=\"788\" data-end=\"818\">Ch\u1ea5t li\u1ec7u silicone m\u1ec1m m\u1ecbn<\/strong>: an to\u00e0n cho da, mang l\u1ea1i c\u1ea3m gi\u00e1c tho\u1ea3i m\u00e1i khi ti\u1ebfp x\u00fac.<\/p>\n<\/li>\n<li data-start=\"880\" data-end=\"966\">\n<p data-start=\"882\" data-end=\"966\"><strong data-start=\"882\" data-end=\"902\">\u0110ai qu\u1ea7n co gi\u00e3n<\/strong>: gi\u00fap c\u1ed1 \u0111\u1ecbnh ch\u1eafc ch\u1eafn, c\u00f3 th\u1ec3 m\u1eb7c c\u1ea3 ng\u00e0y m\u00e0 v\u1eabn tho\u1ea3i m\u00e1i.<\/p>\n<\/li>\n<\/ul>\n","protected":false},"featured_media":3548,"template":"","meta":[],"product_cat":[176,171,168],"product_tag":[],"class_list":{"0":"post-3585","1":"product","2":"type-product","3":"status-publish","4":"has-post-thumbnail","6":"product_cat-do-choi-cho-chi-em","7":"product_cat-khong-day","8":"product_cat-trung-rung","10":"first","11":"instock","12":"shipping-taxable","13":"purchasable","14":"product-type-simple"},"jetpack_sharing_enabled":true,"_links":{"self":[{"href":"https:\/\/analvn.com\/index.php?rest_route=\/wp\/v2\/product\/3585","targetHints":{"allow":["GET"]}}],"collection":[{"href":"https:\/\/analvn.com\/index.php?rest_route=\/wp\/v2\/product"}],"about":[{"href":"https:\/\/analvn.com\/index.php?rest_route=\/wp\/v2\/types\/product"}],"wp:featuredmedia":[{"embeddable":true,"href":"https:\/\/analvn.com\/index.php?rest_route=\/wp\/v2\/media\/3548"}],"wp:attachment":[{"href":"https:\/\/analvn.com\/index.php?rest_route=%2Fwp%2Fv2%2Fmedia&parent=3585"}],"wp:term":[{"taxonomy":"product_cat","embeddable":true,"href":"https:\/\/analvn.com\/index.php?rest_route=%2Fwp%2Fv2%2Fproduct_cat&post=3585"},{"taxonomy":"product_tag","embeddable":true,"href":"https:\/\/analvn.com\/index.php?rest_route=%2Fwp%2Fv2%2Fproduct_tag&post=3585"}],"curies":[{"name":"wp","href":"https:\/\/api.w.org\/{rel}","templated":true}]}}