{"id":3586,"date":"2025-09-25T13:29:25","date_gmt":"2025-09-25T13:29:25","guid":{"rendered":"https:\/\/analvn.com\/?post_type=product&#038;p=3586"},"modified":"2025-09-25T13:29:26","modified_gmt":"2025-09-25T13:29:26","slug":"coc-thu-dam-silicone-rung-nhieu-che-do-trong-suot","status":"publish","type":"product","link":"https:\/\/analvn.com\/?product=coc-thu-dam-silicone-rung-nhieu-che-do-trong-suot","title":{"rendered":"C\u1ed1c th\u1ee7 d\u00e2m silicone rung nhi\u1ec1u ch\u1ebf \u0111\u1ed9 trong su\u1ed1t"},"content":{"rendered":"<p><img loading=\"lazy\" decoding=\"async\" class=\"alignnone size-medium wp-image-3588\" src=\"https:\/\/analvn.com\/wp-content\/uploads\/2025\/09\/O1CN01GiDn3Q1lIA8wPwkCK_2213342404795-0-cib-245x300.jpg\" alt=\"\" width=\"245\" height=\"300\" srcset=\"https:\/\/analvn.com\/wp-content\/uploads\/2025\/09\/O1CN01GiDn3Q1lIA8wPwkCK_2213342404795-0-cib-245x300.jpg 245w, https:\/\/analvn.com\/wp-content\/uploads\/2025\/09\/O1CN01GiDn3Q1lIA8wPwkCK_2213342404795-0-cib-768x941.jpg 768w, https:\/\/analvn.com\/wp-content\/uploads\/2025\/09\/O1CN01GiDn3Q1lIA8wPwkCK_2213342404795-0-cib-600x735.jpg 600w, https:\/\/analvn.com\/wp-content\/uploads\/2025\/09\/O1CN01GiDn3Q1lIA8wPwkCK_2213342404795-0-cib.jpg 790w\" sizes=\"auto, (max-width: 245px) 100vw, 245px\" \/> <img loading=\"lazy\" decoding=\"async\" class=\"alignnone size-medium wp-image-3587\" src=\"https:\/\/analvn.com\/wp-content\/uploads\/2025\/09\/O1CN01RsB9e41lIA8yGxuL5_2213342404795-0-cib-300x300.jpg\" alt=\"\" width=\"300\" height=\"300\" srcset=\"https:\/\/analvn.com\/wp-content\/uploads\/2025\/09\/O1CN01RsB9e41lIA8yGxuL5_2213342404795-0-cib-300x300.jpg 300w, https:\/\/analvn.com\/wp-content\/uploads\/2025\/09\/O1CN01RsB9e41lIA8yGxuL5_2213342404795-0-cib-150x150.jpg 150w, https:\/\/analvn.com\/wp-content\/uploads\/2025\/09\/O1CN01RsB9e41lIA8yGxuL5_2213342404795-0-cib-768x768.jpg 768w, https:\/\/analvn.com\/wp-content\/uploads\/2025\/09\/O1CN01RsB9e41lIA8yGxuL5_2213342404795-0-cib-600x600.jpg 600w, https:\/\/analvn.com\/wp-content\/uploads\/2025\/09\/O1CN01RsB9e41lIA8yGxuL5_2213342404795-0-cib-100x100.jpg 100w, https:\/\/analvn.com\/wp-content\/uploads\/2025\/09\/O1CN01RsB9e41lIA8yGxuL5_2213342404795-0-cib-50x50.jpg 50w, https:\/\/analvn.com\/wp-content\/uploads\/2025\/09\/O1CN01RsB9e41lIA8yGxuL5_2213342404795-0-cib.jpg 782w\" sizes=\"auto, (max-width: 300px) 100vw, 300px\" \/> <img loading=\"lazy\" decoding=\"async\" class=\"alignnone size-medium wp-image-3570\" src=\"https:\/\/analvn.com\/wp-content\/uploads\/2025\/09\/O1CN01rrFjnl1lIA8vSZTyz_2213342404795-0-cib-200x300.jpg\" alt=\"\" width=\"200\" height=\"300\" srcset=\"https:\/\/analvn.com\/wp-content\/uploads\/2025\/09\/O1CN01rrFjnl1lIA8vSZTyz_2213342404795-0-cib-200x300.jpg 200w, https:\/\/analvn.com\/wp-content\/uploads\/2025\/09\/O1CN01rrFjnl1lIA8vSZTyz_2213342404795-0-cib-683x1024.jpg 683w, https:\/\/analvn.com\/wp-content\/uploads\/2025\/09\/O1CN01rrFjnl1lIA8vSZTyz_2213342404795-0-cib-768x1152.jpg 768w, https:\/\/analvn.com\/wp-content\/uploads\/2025\/09\/O1CN01rrFjnl1lIA8vSZTyz_2213342404795-0-cib-600x900.jpg 600w, https:\/\/analvn.com\/wp-content\/uploads\/2025\/09\/O1CN01rrFjnl1lIA8vSZTyz_2213342404795-0-cib.jpg 1000w\" sizes=\"auto, (max-width: 200px) 100vw, 200px\" \/><\/p>\n","protected":false},"excerpt":{"rendered":"<h4 data-start=\"399\" data-end=\"426\">\u0110\u1eb7c \u0111i\u1ec3m n\u1ed5i b\u1eadt:<\/h4>\n<ul data-start=\"427\" data-end=\"1088\">\n<li data-start=\"427\" data-end=\"542\">\n<p data-start=\"429\" data-end=\"542\"><strong data-start=\"429\" data-end=\"460\">Thi\u1ebft k\u1ebf trong su\u1ed1t \u0111\u1ed9c \u0111\u00e1o<\/strong>: gi\u00fap b\u1ea1n quan s\u00e1t to\u00e0n b\u1ed9 qu\u00e1 tr\u00ecnh s\u1eed d\u1ee5ng, t\u0103ng th\u00eam s\u1ef1 k\u00edch th\u00edch th\u1ecb gi\u00e1c.<\/p>\n<\/li>\n<li data-start=\"543\" data-end=\"659\">\n<p data-start=\"545\" data-end=\"659\"><strong data-start=\"545\" data-end=\"569\">\u0110a ch\u1ebf \u0111\u1ed9 rung &amp; h\u00fat<\/strong>: t\u00edch h\u1ee3p nhi\u1ec1u ch\u1ebf \u0111\u1ed9 rung c\u00f9ng t\u00ednh n\u0103ng h\u00fat ch\u00e2n kh\u00f4ng, m\u00f4 ph\u1ecfng c\u1ea3m gi\u00e1c ch\u00e2n th\u1eadt.<\/p>\n<\/li>\n<li data-start=\"660\" data-end=\"777\">\n<p data-start=\"662\" data-end=\"777\"><strong data-start=\"662\" data-end=\"685\">L\u00f5i silicon m\u1ec1m d\u1ebbo<\/strong>: b\u00ean trong ph\u1ee7 \u0111\u1ea7y h\u1ea1t massage, \u0111\u01b0\u1eddng g\u00e2n n\u1ed5i gi\u00fap t\u0103ng ma s\u00e1t, \u00f4m s\u00e1t to\u00e0n b\u1ed9 d\u01b0\u01a1ng v\u1eadt.<\/p>\n<\/li>\n<li data-start=\"778\" data-end=\"896\">\n<p data-start=\"780\" data-end=\"896\"><strong data-start=\"780\" data-end=\"804\">K\u00edch th\u01b0\u1edbc ti\u1ec7n d\u1ee5ng<\/strong>: d\u00e0i 20.5 cm, \u0111\u01b0\u1eddng k\u00ednh mi\u1ec7ng 6 cm, \u0111\u1ed9 s\u00e2u s\u1eed d\u1ee5ng 10 cm \u2013 ph\u00f9 h\u1ee3p v\u1edbi h\u1ea7u h\u1ebft nam gi\u1edbi.<\/p>\n<\/li>\n<li data-start=\"897\" data-end=\"996\">\n<p data-start=\"899\" data-end=\"996\"><strong data-start=\"899\" data-end=\"921\">\u0110i\u1ec1u khi\u1ec3n d\u1ec5 d\u00e0ng<\/strong>: 3 n\u00fat b\u1ea5m c\u1ea3m \u1ee9ng tr\u00ean tay c\u1ea7m (n\u00fat ngu\u1ed3n, n\u00fat chuy\u1ec3n ch\u1ebf \u0111\u1ed9, n\u00fat h\u00fat).<\/p>\n<\/li>\n<li data-start=\"997\" data-end=\"1088\">\n<p data-start=\"999\" data-end=\"1088\"><strong data-start=\"999\" data-end=\"1020\">Ch\u1ea5t li\u1ec7u an to\u00e0n<\/strong>: silicon m\u1ec1m m\u1ea1i, kh\u00f4ng g\u00e2y k\u00edch \u1ee9ng, d\u1ec5 v\u1ec7 sinh sau khi s\u1eed d\u1ee5ng.<\/p>\n<\/li>\n<\/ul>\n","protected":false},"featured_media":3568,"template":"","meta":[],"product_cat":[177,179],"product_tag":[],"class_list":{"0":"post-3586","1":"product","2":"type-product","3":"status-publish","4":"has-post-thumbnail","6":"product_cat-do-choi-cho-anh-em","7":"product_cat-dung-cu-thu-dam","9":"first","10":"instock","11":"shipping-taxable","12":"purchasable","13":"product-type-simple"},"jetpack_sharing_enabled":true,"_links":{"self":[{"href":"https:\/\/analvn.com\/index.php?rest_route=\/wp\/v2\/product\/3586","targetHints":{"allow":["GET"]}}],"collection":[{"href":"https:\/\/analvn.com\/index.php?rest_route=\/wp\/v2\/product"}],"about":[{"href":"https:\/\/analvn.com\/index.php?rest_route=\/wp\/v2\/types\/product"}],"wp:featuredmedia":[{"embeddable":true,"href":"https:\/\/analvn.com\/index.php?rest_route=\/wp\/v2\/media\/3568"}],"wp:attachment":[{"href":"https:\/\/analvn.com\/index.php?rest_route=%2Fwp%2Fv2%2Fmedia&parent=3586"}],"wp:term":[{"taxonomy":"product_cat","embeddable":true,"href":"https:\/\/analvn.com\/index.php?rest_route=%2Fwp%2Fv2%2Fproduct_cat&post=3586"},{"taxonomy":"product_tag","embeddable":true,"href":"https:\/\/analvn.com\/index.php?rest_route=%2Fwp%2Fv2%2Fproduct_tag&post=3586"}],"curies":[{"name":"wp","href":"https:\/\/api.w.org\/{rel}","templated":true}]}}