{"id":3590,"date":"2025-09-25T13:38:21","date_gmt":"2025-09-25T13:38:21","guid":{"rendered":"https:\/\/analvn.com\/?post_type=product&#038;p=3590"},"modified":"2025-09-25T13:39:00","modified_gmt":"2025-09-25T13:39:00","slug":"phich-7","status":"publish","type":"product","link":"https:\/\/analvn.com\/?product=phich-7","title":{"rendered":"Ph\u00edch c\u1eafm Godzilla k\u00edch th\u00edch m\u1ea1nh m\u1ebd"},"content":{"rendered":"","protected":false},"excerpt":{"rendered":"<h4 data-start=\"463\" data-end=\"490\">Ch\u1ea5t li\u1ec7u: NH\u1ef0A PVC<br \/>\n\u0110\u1eb7c \u0111i\u1ec3m n\u1ed5i b\u1eadt:<\/h4>\n<ul data-start=\"491\" data-end=\"1213\">\n<li data-start=\"491\" data-end=\"602\">\n<p data-start=\"493\" data-end=\"602\"><strong data-start=\"493\" data-end=\"513\">Thi\u1ebft k\u1ebf \u0111\u1ed9c \u0111\u00e1o<\/strong>: h\u00ecnh d\u00e1ng \u201cqu\u00e1i th\u00fa\u201d v\u1edbi b\u1ec1 m\u1eb7t g\u00e2n gu\u1ed1c, n\u1ed5i c\u1ed9m, mang \u0111\u1ebfn c\u1ea3m gi\u00e1c ma s\u00e1t c\u1ef1c m\u1ea1nh.<\/p>\n<\/li>\n<li data-start=\"603\" data-end=\"688\">\n<p data-start=\"605\" data-end=\"688\"><strong data-start=\"605\" data-end=\"637\">\u0110\u1ea7u thu\u00f4n nh\u1ecdn (Tapered Tip)<\/strong>: d\u1ec5 \u0111\u01b0a v\u00e0o, th\u00edch h\u1ee3p cho c\u1ea3 ng\u01b0\u1eddi m\u1edbi b\u1eaft \u0111\u1ea7u.<\/p>\n<\/li>\n<li data-start=\"689\" data-end=\"795\">\n<p data-start=\"691\" data-end=\"795\"><strong data-start=\"691\" data-end=\"729\">Th\u00e2n g\u1ed3 gh\u1ec1 \u2013 k\u00edch th\u00edch to\u00e0n di\u1ec7n<\/strong>: t\u1eebng chi ti\u1ebft t\u1ea1o \u00e1p l\u1ef1c kh\u00e1c nhau, \u0111em l\u1ea1i kho\u00e1i c\u1ea3m b\u1ea5t ng\u1edd.<\/p>\n<\/li>\n<li data-start=\"796\" data-end=\"893\">\n<p data-start=\"798\" data-end=\"893\"><strong data-start=\"798\" data-end=\"814\">Big \u2018O\u2019 Knot<\/strong>: ph\u1ea7n g\u1ed1c ph\u00ecnh to, t\u1ea1o hi\u1ec7u \u1ee9ng \u201ckh\u00f3a ch\u1eb7t\u201d, n\u00e2ng cao kho\u00e1i c\u1ea3m khi ra v\u00e0o.<\/p>\n<\/li>\n<li data-start=\"894\" data-end=\"1008\">\n<p data-start=\"896\" data-end=\"1008\"><strong data-start=\"896\" data-end=\"925\">\u0110\u1ebf gi\u00e1c h\u00fat (Suction Cup)<\/strong>: b\u00e1m ch\u1eafc tr\u00ean b\u1ec1 m\u1eb7t ph\u1eb3ng, gi\u1ea3i ph\u00f3ng \u0111\u00f4i tay, s\u1eed d\u1ee5ng linh ho\u1ea1t nhi\u1ec1u t\u01b0 th\u1ebf.<\/p>\n<\/li>\n<\/ul>\n","protected":false},"featured_media":3525,"template":"","meta":[],"product_cat":[19,165,164],"product_tag":[],"class_list":{"0":"post-3590","1":"product","2":"type-product","3":"status-publish","4":"has-post-thumbnail","6":"product_cat-anal","7":"product_cat-anal-big","8":"product_cat-anal-medium","10":"first","11":"instock","12":"shipping-taxable","13":"purchasable","14":"product-type-variable"},"jetpack_sharing_enabled":true,"_links":{"self":[{"href":"https:\/\/analvn.com\/index.php?rest_route=\/wp\/v2\/product\/3590","targetHints":{"allow":["GET"]}}],"collection":[{"href":"https:\/\/analvn.com\/index.php?rest_route=\/wp\/v2\/product"}],"about":[{"href":"https:\/\/analvn.com\/index.php?rest_route=\/wp\/v2\/types\/product"}],"wp:featuredmedia":[{"embeddable":true,"href":"https:\/\/analvn.com\/index.php?rest_route=\/wp\/v2\/media\/3525"}],"wp:attachment":[{"href":"https:\/\/analvn.com\/index.php?rest_route=%2Fwp%2Fv2%2Fmedia&parent=3590"}],"wp:term":[{"taxonomy":"product_cat","embeddable":true,"href":"https:\/\/analvn.com\/index.php?rest_route=%2Fwp%2Fv2%2Fproduct_cat&post=3590"},{"taxonomy":"product_tag","embeddable":true,"href":"https:\/\/analvn.com\/index.php?rest_route=%2Fwp%2Fv2%2Fproduct_tag&post=3590"}],"curies":[{"name":"wp","href":"https:\/\/api.w.org\/{rel}","templated":true}]}}