{"id":365,"date":"2023-06-04T12:20:47","date_gmt":"2023-06-04T12:20:47","guid":{"rendered":"https:\/\/analvn.com\/?post_type=product&#038;p=365"},"modified":"2024-02-18T14:45:05","modified_gmt":"2024-02-18T14:45:05","slug":"duoi-silicone-khong-long","status":"publish","type":"product","link":"https:\/\/analvn.com\/?product=duoi-silicone-khong-long","title":{"rendered":"\u0110u\u00f4i silicone kh\u00f4ng l\u00f4ng"},"content":{"rendered":"<p><img loading=\"lazy\" decoding=\"async\" class=\"alignnone size-medium wp-image-353\" src=\"https:\/\/analvn.com\/wp-content\/uploads\/2023\/06\/O1CN01izCYf61XMMppkg90u_1829572909-0-cib-300x300.jpg\" alt=\"\" width=\"300\" height=\"300\" srcset=\"https:\/\/analvn.com\/wp-content\/uploads\/2023\/06\/O1CN01izCYf61XMMppkg90u_1829572909-0-cib-300x300.jpg 300w, https:\/\/analvn.com\/wp-content\/uploads\/2023\/06\/O1CN01izCYf61XMMppkg90u_1829572909-0-cib-150x150.jpg 150w, https:\/\/analvn.com\/wp-content\/uploads\/2023\/06\/O1CN01izCYf61XMMppkg90u_1829572909-0-cib-768x768.jpg 768w, https:\/\/analvn.com\/wp-content\/uploads\/2023\/06\/O1CN01izCYf61XMMppkg90u_1829572909-0-cib-600x600.jpg 600w, https:\/\/analvn.com\/wp-content\/uploads\/2023\/06\/O1CN01izCYf61XMMppkg90u_1829572909-0-cib-100x100.jpg 100w, https:\/\/analvn.com\/wp-content\/uploads\/2023\/06\/O1CN01izCYf61XMMppkg90u_1829572909-0-cib-50x50.jpg 50w, https:\/\/analvn.com\/wp-content\/uploads\/2023\/06\/O1CN01izCYf61XMMppkg90u_1829572909-0-cib.jpg 800w\" sizes=\"auto, (max-width: 300px) 100vw, 300px\" \/><\/p>\n","protected":false},"excerpt":{"rendered":"<p>\u0110u\u00f4i n\u00e0y m\u1ec1m, kh\u00f4ng c\u00f3 l\u00f4ng l\u00e1 g\u00ec h\u1ebft<br \/>\nD\u1ec5 g\u1eafn, k\u00edch th\u01b0\u1edbc nh\u1ecf<br \/>\n*n\u00ean s\u1eed d\u1ee5ng th\u00eam gel b\u00f4i tr\u01a1n n\u1ebfu ch\u01b0a quen<\/p>\n","protected":false},"featured_media":355,"template":"","meta":[],"product_cat":[19,164],"product_tag":[51,54,82,81,52,55,53],"class_list":{"0":"post-365","1":"product","2":"type-product","3":"status-publish","4":"has-post-thumbnail","6":"product_cat-anal","7":"product_cat-anal-medium","8":"product_tag-anal","9":"product_tag-butt-plug","10":"product_tag-duoi-cao","11":"product_tag-fox-tail","12":"product_tag-hau-mon","13":"product_tag-phich-cam","14":"product_tag-plug-in","16":"first","17":"instock","18":"shipping-taxable","19":"purchasable","20":"product-type-variable"},"jetpack_sharing_enabled":true,"_links":{"self":[{"href":"https:\/\/analvn.com\/index.php?rest_route=\/wp\/v2\/product\/365","targetHints":{"allow":["GET"]}}],"collection":[{"href":"https:\/\/analvn.com\/index.php?rest_route=\/wp\/v2\/product"}],"about":[{"href":"https:\/\/analvn.com\/index.php?rest_route=\/wp\/v2\/types\/product"}],"wp:featuredmedia":[{"embeddable":true,"href":"https:\/\/analvn.com\/index.php?rest_route=\/wp\/v2\/media\/355"}],"wp:attachment":[{"href":"https:\/\/analvn.com\/index.php?rest_route=%2Fwp%2Fv2%2Fmedia&parent=365"}],"wp:term":[{"taxonomy":"product_cat","embeddable":true,"href":"https:\/\/analvn.com\/index.php?rest_route=%2Fwp%2Fv2%2Fproduct_cat&post=365"},{"taxonomy":"product_tag","embeddable":true,"href":"https:\/\/analvn.com\/index.php?rest_route=%2Fwp%2Fv2%2Fproduct_tag&post=365"}],"curies":[{"name":"wp","href":"https:\/\/api.w.org\/{rel}","templated":true}]}}