{"id":468,"date":"2023-06-04T16:02:07","date_gmt":"2023-06-04T16:02:07","guid":{"rendered":"https:\/\/analvn.com\/?post_type=product&#038;p=468"},"modified":"2024-02-18T14:42:37","modified_gmt":"2024-02-18T14:42:37","slug":"phich-cam-hau-mon-trai-kho-qua","status":"publish","type":"product","link":"https:\/\/analvn.com\/?product=phich-cam-hau-mon-trai-kho-qua","title":{"rendered":"Ph\u00edch c\u1eafm h\u1eadu m\u00f4n tr\u00e1i kh\u1ed5 qua 3D"},"content":{"rendered":"<p><img loading=\"lazy\" decoding=\"async\" class=\"alignnone size-medium wp-image-460\" src=\"https:\/\/analvn.com\/wp-content\/uploads\/2023\/06\/z3167621963140_c2ec862cf39825b5bf09f3cfd9191a65-263x300.jpg\" alt=\"\" width=\"263\" height=\"300\" srcset=\"https:\/\/analvn.com\/wp-content\/uploads\/2023\/06\/z3167621963140_c2ec862cf39825b5bf09f3cfd9191a65-263x300.jpg 263w, https:\/\/analvn.com\/wp-content\/uploads\/2023\/06\/z3167621963140_c2ec862cf39825b5bf09f3cfd9191a65-768x876.jpg 768w, https:\/\/analvn.com\/wp-content\/uploads\/2023\/06\/z3167621963140_c2ec862cf39825b5bf09f3cfd9191a65-600x684.jpg 600w, https:\/\/analvn.com\/wp-content\/uploads\/2023\/06\/z3167621963140_c2ec862cf39825b5bf09f3cfd9191a65.jpg 827w\" sizes=\"auto, (max-width: 263px) 100vw, 263px\" \/><\/p>\n","protected":false},"excerpt":{"rendered":"<p>Ch\u1ea5t li\u1ec7u TPE m\u1ec1m d\u1ebbo, dai \u0111anh<br \/>\nC\u1ea7m ch\u1eafc tay<br \/>\nC\u00f3 \u0111\u1ebf h\u00edt ch\u00e2n kh\u00f4ng<br \/>\nGai g\u00e2n n\u1ed5i y nh\u01b0 tr\u00e1i kh\u1ed5 qua th\u1eadt<\/p>\n","protected":false},"featured_media":456,"template":"","meta":[],"product_cat":[19,165,164],"product_tag":[51,54,52,55,53],"class_list":{"0":"post-468","1":"product","2":"type-product","3":"status-publish","4":"has-post-thumbnail","6":"product_cat-anal","7":"product_cat-anal-big","8":"product_cat-anal-medium","9":"product_tag-anal","10":"product_tag-butt-plug","11":"product_tag-hau-mon","12":"product_tag-phich-cam","13":"product_tag-plug-in","15":"first","16":"instock","17":"shipping-taxable","18":"purchasable","19":"product-type-simple"},"jetpack_sharing_enabled":true,"_links":{"self":[{"href":"https:\/\/analvn.com\/index.php?rest_route=\/wp\/v2\/product\/468","targetHints":{"allow":["GET"]}}],"collection":[{"href":"https:\/\/analvn.com\/index.php?rest_route=\/wp\/v2\/product"}],"about":[{"href":"https:\/\/analvn.com\/index.php?rest_route=\/wp\/v2\/types\/product"}],"wp:featuredmedia":[{"embeddable":true,"href":"https:\/\/analvn.com\/index.php?rest_route=\/wp\/v2\/media\/456"}],"wp:attachment":[{"href":"https:\/\/analvn.com\/index.php?rest_route=%2Fwp%2Fv2%2Fmedia&parent=468"}],"wp:term":[{"taxonomy":"product_cat","embeddable":true,"href":"https:\/\/analvn.com\/index.php?rest_route=%2Fwp%2Fv2%2Fproduct_cat&post=468"},{"taxonomy":"product_tag","embeddable":true,"href":"https:\/\/analvn.com\/index.php?rest_route=%2Fwp%2Fv2%2Fproduct_tag&post=468"}],"curies":[{"name":"wp","href":"https:\/\/api.w.org\/{rel}","templated":true}]}}