{"id":469,"date":"2023-06-04T16:07:34","date_gmt":"2023-06-04T16:07:34","guid":{"rendered":"https:\/\/analvn.com\/?post_type=product&#038;p=469"},"modified":"2024-02-18T14:41:27","modified_gmt":"2024-02-18T14:41:27","slug":"phich-cam-hinh-xuc-tu-trong-suot","status":"publish","type":"product","link":"https:\/\/analvn.com\/?product=phich-cam-hinh-xuc-tu-trong-suot","title":{"rendered":"Ph\u00edch c\u1eafm h\u00ecnh x\u00fac tu b\u1ea1ch tu\u1ed9c trong su\u1ed1t"},"content":{"rendered":"<p><img loading=\"lazy\" decoding=\"async\" class=\"alignnone size-medium wp-image-451\" src=\"https:\/\/analvn.com\/wp-content\/uploads\/2023\/06\/O1CN01CF9I7W1x2q1a5grJk_2301046386-0-cib-300x300.jpg\" alt=\"\" width=\"300\" height=\"300\" srcset=\"https:\/\/analvn.com\/wp-content\/uploads\/2023\/06\/O1CN01CF9I7W1x2q1a5grJk_2301046386-0-cib-300x300.jpg 300w, https:\/\/analvn.com\/wp-content\/uploads\/2023\/06\/O1CN01CF9I7W1x2q1a5grJk_2301046386-0-cib-150x150.jpg 150w, https:\/\/analvn.com\/wp-content\/uploads\/2023\/06\/O1CN01CF9I7W1x2q1a5grJk_2301046386-0-cib-768x768.jpg 768w, https:\/\/analvn.com\/wp-content\/uploads\/2023\/06\/O1CN01CF9I7W1x2q1a5grJk_2301046386-0-cib-600x600.jpg 600w, https:\/\/analvn.com\/wp-content\/uploads\/2023\/06\/O1CN01CF9I7W1x2q1a5grJk_2301046386-0-cib-100x100.jpg 100w, https:\/\/analvn.com\/wp-content\/uploads\/2023\/06\/O1CN01CF9I7W1x2q1a5grJk_2301046386-0-cib-50x50.jpg 50w, https:\/\/analvn.com\/wp-content\/uploads\/2023\/06\/O1CN01CF9I7W1x2q1a5grJk_2301046386-0-cib.jpg 1000w\" sizes=\"auto, (max-width: 300px) 100vw, 300px\" \/><\/p>\n","protected":false},"excerpt":{"rendered":"<p>Ch\u1ea5t li\u1ec7u TPE m\u1ec1m, d\u1ebbo, c\u00f3 th\u1ec3 b\u00f3p n\u1eb7n<br \/>\nX\u00fac tu h\u1ea1t n\u1ed5i 3D r\u00f5 r\u00e0ng<br \/>\nC\u00f3 \u0111\u1ebf h\u00edt ch\u00e2n kh\u00f4ng ch\u1eafc ch\u1eafn<br \/>\nK\u00edch th\u01b0\u1edbc l\u1edbn, ph\u00f9 h\u1ee3p v\u1edbi ng\u01b0\u1eddi \u0111\u00e3 quen ch\u01a1i<\/p>\n","protected":false},"featured_media":454,"template":"","meta":[],"product_cat":[19,165],"product_tag":[51,89,88,54,52,55,53],"class_list":{"0":"post-469","1":"product","2":"type-product","3":"status-publish","4":"has-post-thumbnail","6":"product_cat-anal","7":"product_cat-anal-big","8":"product_tag-anal","9":"product_tag-big","10":"product_tag-big-size","11":"product_tag-butt-plug","12":"product_tag-hau-mon","13":"product_tag-phich-cam","14":"product_tag-plug-in","16":"first","17":"instock","18":"shipping-taxable","19":"purchasable","20":"product-type-simple"},"jetpack_sharing_enabled":true,"_links":{"self":[{"href":"https:\/\/analvn.com\/index.php?rest_route=\/wp\/v2\/product\/469","targetHints":{"allow":["GET"]}}],"collection":[{"href":"https:\/\/analvn.com\/index.php?rest_route=\/wp\/v2\/product"}],"about":[{"href":"https:\/\/analvn.com\/index.php?rest_route=\/wp\/v2\/types\/product"}],"wp:featuredmedia":[{"embeddable":true,"href":"https:\/\/analvn.com\/index.php?rest_route=\/wp\/v2\/media\/454"}],"wp:attachment":[{"href":"https:\/\/analvn.com\/index.php?rest_route=%2Fwp%2Fv2%2Fmedia&parent=469"}],"wp:term":[{"taxonomy":"product_cat","embeddable":true,"href":"https:\/\/analvn.com\/index.php?rest_route=%2Fwp%2Fv2%2Fproduct_cat&post=469"},{"taxonomy":"product_tag","embeddable":true,"href":"https:\/\/analvn.com\/index.php?rest_route=%2Fwp%2Fv2%2Fproduct_tag&post=469"}],"curies":[{"name":"wp","href":"https:\/\/api.w.org\/{rel}","templated":true}]}}