{"id":475,"date":"2023-06-04T16:14:57","date_gmt":"2023-06-04T16:14:57","guid":{"rendered":"https:\/\/analvn.com\/?post_type=product&#038;p=475"},"modified":"2024-05-29T05:22:07","modified_gmt":"2024-05-29T05:22:07","slug":"chuoi-hat-trang-silicone-co-lon","status":"publish","type":"product","link":"https:\/\/analvn.com\/?product=chuoi-hat-trang-silicone-co-lon","title":{"rendered":"Chu\u1ed7i h\u1ea1t c\u1ee9ng 50cm tr\u00e1ng silicone c\u1ee1 l\u1edbn"},"content":{"rendered":"<p><img loading=\"lazy\" decoding=\"async\" class=\"alignnone size-medium wp-image-442\" src=\"https:\/\/analvn.com\/wp-content\/uploads\/2023\/06\/z2338416437999_b6d27b410956c4697a977492b99ed706-300x82.png\" alt=\"\" width=\"300\" height=\"82\" srcset=\"https:\/\/analvn.com\/wp-content\/uploads\/2023\/06\/z2338416437999_b6d27b410956c4697a977492b99ed706-300x82.png 300w, https:\/\/analvn.com\/wp-content\/uploads\/2023\/06\/z2338416437999_b6d27b410956c4697a977492b99ed706-768x211.png 768w, https:\/\/analvn.com\/wp-content\/uploads\/2023\/06\/z2338416437999_b6d27b410956c4697a977492b99ed706-600x165.png 600w, https:\/\/analvn.com\/wp-content\/uploads\/2023\/06\/z2338416437999_b6d27b410956c4697a977492b99ed706.png 922w\" sizes=\"auto, (max-width: 300px) 100vw, 300px\" \/><\/p>\n","protected":false},"excerpt":{"rendered":"<p>L\u00f5i bi c\u1ee9ng, b\u00ean ngo\u00e0i tr\u00e1ng silicone m\u1ecfng<br \/>\nC\u1ee1 l\u1edbn, h\u1ee3p v\u1edbi ng\u01b0\u1eddi \u0111\u00e3 quen ch\u01a1i anal<\/p>\n<div dir=\"auto\">Shop ch\u01b0a d\u00f9ng n\u00ean c\u0169ng kh\u00f4ng bi\u1ebft vi\u00ean bi n\u00e0y x\u00e0i c\u00f3 ph\u00ea kh\u00f4ng nh\u01b0ng m\u00e0 b\u00e1n th\u1ea5y \u0111\u1eaft h\u00e0ng gh\u00ea lu\u00f4n \u00e1<\/div>\n<div dir=\"auto\">L\u1edbp v\u1ecf silicone m\u1ec1m d\u00e0y kho\u1ea3ng 1-2mm b\u1ecdc l\u00f5i c\u1ee9ng b\u00ean trong n\u00ean n\u00f3 ko b\u1ecb l\u00fan \u0111\u00e2u \u1ea1<\/div>\n","protected":false},"featured_media":406,"template":"","meta":[],"product_cat":[19,165],"product_tag":[51,54,66,52,55],"class_list":{"0":"post-475","1":"product","2":"type-product","3":"status-publish","4":"has-post-thumbnail","6":"product_cat-anal","7":"product_cat-anal-big","8":"product_tag-anal","9":"product_tag-butt-plug","10":"product_tag-chuoi-hat","11":"product_tag-hau-mon","12":"product_tag-phich-cam","14":"first","15":"instock","16":"shipping-taxable","17":"purchasable","18":"product-type-simple"},"jetpack_sharing_enabled":true,"_links":{"self":[{"href":"https:\/\/analvn.com\/index.php?rest_route=\/wp\/v2\/product\/475","targetHints":{"allow":["GET"]}}],"collection":[{"href":"https:\/\/analvn.com\/index.php?rest_route=\/wp\/v2\/product"}],"about":[{"href":"https:\/\/analvn.com\/index.php?rest_route=\/wp\/v2\/types\/product"}],"wp:featuredmedia":[{"embeddable":true,"href":"https:\/\/analvn.com\/index.php?rest_route=\/wp\/v2\/media\/406"}],"wp:attachment":[{"href":"https:\/\/analvn.com\/index.php?rest_route=%2Fwp%2Fv2%2Fmedia&parent=475"}],"wp:term":[{"taxonomy":"product_cat","embeddable":true,"href":"https:\/\/analvn.com\/index.php?rest_route=%2Fwp%2Fv2%2Fproduct_cat&post=475"},{"taxonomy":"product_tag","embeddable":true,"href":"https:\/\/analvn.com\/index.php?rest_route=%2Fwp%2Fv2%2Fproduct_tag&post=475"}],"curies":[{"name":"wp","href":"https:\/\/api.w.org\/{rel}","templated":true}]}}