{"id":510,"date":"2023-06-05T06:40:37","date_gmt":"2023-06-05T06:40:37","guid":{"rendered":"https:\/\/analvn.com\/?post_type=product&#038;p=510"},"modified":"2024-02-18T14:39:51","modified_gmt":"2024-02-18T14:39:51","slug":"phich-cam-silicone-3-chan-hoa-tulip","status":"publish","type":"product","link":"https:\/\/analvn.com\/?product=phich-cam-silicone-3-chan-hoa-tulip","title":{"rendered":"Ph\u00edch c\u1eafm silicone 3 ch\u00e2n hoa tulip"},"content":{"rendered":"<p><img loading=\"lazy\" decoding=\"async\" class=\"alignnone size-medium wp-image-522\" src=\"https:\/\/analvn.com\/wp-content\/uploads\/2023\/06\/z2818099504964_488f27af36ea60dcb924765a09c049e9-300x286.jpg\" alt=\"\" width=\"300\" height=\"286\" srcset=\"https:\/\/analvn.com\/wp-content\/uploads\/2023\/06\/z2818099504964_488f27af36ea60dcb924765a09c049e9-300x286.jpg 300w, https:\/\/analvn.com\/wp-content\/uploads\/2023\/06\/z2818099504964_488f27af36ea60dcb924765a09c049e9-768x733.jpg 768w, https:\/\/analvn.com\/wp-content\/uploads\/2023\/06\/z2818099504964_488f27af36ea60dcb924765a09c049e9-600x573.jpg 600w, https:\/\/analvn.com\/wp-content\/uploads\/2023\/06\/z2818099504964_488f27af36ea60dcb924765a09c049e9.jpg 814w\" sizes=\"auto, (max-width: 300px) 100vw, 300px\" \/><\/p>\n","protected":false},"excerpt":{"rendered":"<p>Ch\u1ea5t li\u1ec7u silicone m\u1ec1m d\u1ebbo<br \/>\nC\u00e1ch d\u00f9ng: b\u00f3p ch\u1ee5m 3 ch\u00e2n l\u1ea1i r\u1ed3i \u0111\u01b0a v\u00e0o h\u1eadu m\u00f4n, sau v\u00e0o s\u1ea3n ph\u1ea9m s\u1ebd n\u1edf ra t\u1ea1o c\u1ea3m gi\u00e1c c\u0103ng c\u1ea5n k\u00edch th\u00edch<\/p>\n","protected":false},"featured_media":520,"template":"","meta":[],"product_cat":[19,164],"product_tag":[51,54,52,55,53],"class_list":{"0":"post-510","1":"product","2":"type-product","3":"status-publish","4":"has-post-thumbnail","6":"product_cat-anal","7":"product_cat-anal-medium","8":"product_tag-anal","9":"product_tag-butt-plug","10":"product_tag-hau-mon","11":"product_tag-phich-cam","12":"product_tag-plug-in","14":"first","15":"instock","16":"shipping-taxable","17":"purchasable","18":"product-type-simple"},"jetpack_sharing_enabled":true,"_links":{"self":[{"href":"https:\/\/analvn.com\/index.php?rest_route=\/wp\/v2\/product\/510","targetHints":{"allow":["GET"]}}],"collection":[{"href":"https:\/\/analvn.com\/index.php?rest_route=\/wp\/v2\/product"}],"about":[{"href":"https:\/\/analvn.com\/index.php?rest_route=\/wp\/v2\/types\/product"}],"wp:featuredmedia":[{"embeddable":true,"href":"https:\/\/analvn.com\/index.php?rest_route=\/wp\/v2\/media\/520"}],"wp:attachment":[{"href":"https:\/\/analvn.com\/index.php?rest_route=%2Fwp%2Fv2%2Fmedia&parent=510"}],"wp:term":[{"taxonomy":"product_cat","embeddable":true,"href":"https:\/\/analvn.com\/index.php?rest_route=%2Fwp%2Fv2%2Fproduct_cat&post=510"},{"taxonomy":"product_tag","embeddable":true,"href":"https:\/\/analvn.com\/index.php?rest_route=%2Fwp%2Fv2%2Fproduct_tag&post=510"}],"curies":[{"name":"wp","href":"https:\/\/api.w.org\/{rel}","templated":true}]}}