{"id":512,"date":"2023-06-05T06:45:26","date_gmt":"2023-06-05T06:45:26","guid":{"rendered":"https:\/\/analvn.com\/?post_type=product&#038;p=512"},"modified":"2024-02-18T14:39:15","modified_gmt":"2024-02-18T14:39:15","slug":"may-rung-massage-anal-chuoi-hat-pretty-love","status":"publish","type":"product","link":"https:\/\/analvn.com\/?product=may-rung-massage-anal-chuoi-hat-pretty-love","title":{"rendered":"M\u00e1y rung massage anal chu\u1ed7i h\u1ea1t Pretty Love"},"content":{"rendered":"<p><img loading=\"lazy\" decoding=\"async\" class=\"alignnone size-medium wp-image-528\" src=\"https:\/\/analvn.com\/wp-content\/uploads\/2023\/06\/z3225423884530_1e18c8d6eb5f21b0aa4ad2a2b52acb82-300x273.jpg\" alt=\"\" width=\"300\" height=\"273\" srcset=\"https:\/\/analvn.com\/wp-content\/uploads\/2023\/06\/z3225423884530_1e18c8d6eb5f21b0aa4ad2a2b52acb82-300x273.jpg 300w, https:\/\/analvn.com\/wp-content\/uploads\/2023\/06\/z3225423884530_1e18c8d6eb5f21b0aa4ad2a2b52acb82.jpg 580w\" sizes=\"auto, (max-width: 300px) 100vw, 300px\" \/> <img loading=\"lazy\" decoding=\"async\" class=\"alignnone size-medium wp-image-529\" src=\"https:\/\/analvn.com\/wp-content\/uploads\/2023\/06\/z3225423893298_29200ec053732d09234749254b80a868-300x184.jpg\" alt=\"\" width=\"300\" height=\"184\" srcset=\"https:\/\/analvn.com\/wp-content\/uploads\/2023\/06\/z3225423893298_29200ec053732d09234749254b80a868-300x184.jpg 300w, https:\/\/analvn.com\/wp-content\/uploads\/2023\/06\/z3225423893298_29200ec053732d09234749254b80a868-600x368.jpg 600w, https:\/\/analvn.com\/wp-content\/uploads\/2023\/06\/z3225423893298_29200ec053732d09234749254b80a868.jpg 729w\" sizes=\"auto, (max-width: 300px) 100vw, 300px\" \/> <img loading=\"lazy\" decoding=\"async\" class=\"alignnone size-medium wp-image-530\" src=\"https:\/\/analvn.com\/wp-content\/uploads\/2023\/06\/z3225423878034_f87ce7657681e389ab7bba2d3adf093a-300x219.jpg\" alt=\"\" width=\"300\" height=\"219\" srcset=\"https:\/\/analvn.com\/wp-content\/uploads\/2023\/06\/z3225423878034_f87ce7657681e389ab7bba2d3adf093a-300x219.jpg 300w, https:\/\/analvn.com\/wp-content\/uploads\/2023\/06\/z3225423878034_f87ce7657681e389ab7bba2d3adf093a-768x561.jpg 768w, https:\/\/analvn.com\/wp-content\/uploads\/2023\/06\/z3225423878034_f87ce7657681e389ab7bba2d3adf093a-600x438.jpg 600w, https:\/\/analvn.com\/wp-content\/uploads\/2023\/06\/z3225423878034_f87ce7657681e389ab7bba2d3adf093a.jpg 922w\" sizes=\"auto, (max-width: 300px) 100vw, 300px\" \/> <img loading=\"lazy\" decoding=\"async\" class=\"alignnone size-medium wp-image-531\" src=\"https:\/\/analvn.com\/wp-content\/uploads\/2023\/06\/z3225423868664_375cc18d454d07c64a6024f9ddb665c4-300x267.jpg\" alt=\"\" width=\"300\" height=\"267\" srcset=\"https:\/\/analvn.com\/wp-content\/uploads\/2023\/06\/z3225423868664_375cc18d454d07c64a6024f9ddb665c4-300x267.jpg 300w, https:\/\/analvn.com\/wp-content\/uploads\/2023\/06\/z3225423868664_375cc18d454d07c64a6024f9ddb665c4-768x685.jpg 768w, https:\/\/analvn.com\/wp-content\/uploads\/2023\/06\/z3225423868664_375cc18d454d07c64a6024f9ddb665c4-600x535.jpg 600w, https:\/\/analvn.com\/wp-content\/uploads\/2023\/06\/z3225423868664_375cc18d454d07c64a6024f9ddb665c4.jpg 867w\" sizes=\"auto, (max-width: 300px) 100vw, 300px\" \/><\/p>\n","protected":false},"excerpt":{"rendered":"<p><strong>Ch\u1ea5t li\u1ec7u<\/strong>: Silicon y t\u1ebf cao c\u1ea5p \u0111\u01b0\u1ee3c ph\u1ee7 b\u00ean ngo\u1ea1i v\u00e0 nh\u1ef1a ABS an to\u00e0n<br \/>\n<strong>\u0110\u1eb7c \u0111i\u1ec3m<\/strong>: 12 ch\u1ebf \u0111\u1ed9 rung, \u0111i\u1ec1u khi\u1ec3n d\u1ec5 s\u1eed d\u1ee5ng, ki\u1ec3u d\u00e1ng \u0111\u1ed9c \u0111\u00e1o mang l\u1ea1i c\u1ea3m gi\u00e1c m\u1edbi l\u1ea1<br \/>\n<strong>Ngu\u1ed3n \u0111i\u1ec7n<\/strong>: s\u1eed d\u1ee5ng pin AAA<br \/>\n<strong>Kh\u1ea3 n\u0103ng ch\u1ed1ng n\u01b0\u1edbc<\/strong>: C\u00f3<br \/>\nH\u00e0ng ch\u00ednh h\u00e3ng Pretty Love<\/p>\n","protected":false},"featured_media":527,"template":"","meta":[],"product_cat":[19,164,166],"product_tag":[51,54,66,52,74,72,53,73],"class_list":{"0":"post-512","1":"product","2":"type-product","3":"status-publish","4":"has-post-thumbnail","6":"product_cat-anal","7":"product_cat-anal-medium","8":"product_cat-anal-vibration","9":"product_tag-anal","10":"product_tag-butt-plug","11":"product_tag-chuoi-hat","12":"product_tag-hau-mon","13":"product_tag-massage","14":"product_tag-may-rung","15":"product_tag-plug-in","16":"product_tag-rung","18":"first","19":"instock","20":"shipping-taxable","21":"purchasable","22":"product-type-simple"},"jetpack_sharing_enabled":true,"_links":{"self":[{"href":"https:\/\/analvn.com\/index.php?rest_route=\/wp\/v2\/product\/512","targetHints":{"allow":["GET"]}}],"collection":[{"href":"https:\/\/analvn.com\/index.php?rest_route=\/wp\/v2\/product"}],"about":[{"href":"https:\/\/analvn.com\/index.php?rest_route=\/wp\/v2\/types\/product"}],"wp:featuredmedia":[{"embeddable":true,"href":"https:\/\/analvn.com\/index.php?rest_route=\/wp\/v2\/media\/527"}],"wp:attachment":[{"href":"https:\/\/analvn.com\/index.php?rest_route=%2Fwp%2Fv2%2Fmedia&parent=512"}],"wp:term":[{"taxonomy":"product_cat","embeddable":true,"href":"https:\/\/analvn.com\/index.php?rest_route=%2Fwp%2Fv2%2Fproduct_cat&post=512"},{"taxonomy":"product_tag","embeddable":true,"href":"https:\/\/analvn.com\/index.php?rest_route=%2Fwp%2Fv2%2Fproduct_tag&post=512"}],"curies":[{"name":"wp","href":"https:\/\/api.w.org\/{rel}","templated":true}]}}