{"id":697,"date":"2023-06-06T06:01:00","date_gmt":"2023-06-06T06:01:00","guid":{"rendered":"https:\/\/analvn.com\/?post_type=product&#038;p=697"},"modified":"2024-02-18T14:40:18","modified_gmt":"2024-02-18T14:40:18","slug":"phich-cam-xuc-tu-bach-tuoc","status":"publish","type":"product","link":"https:\/\/analvn.com\/?product=phich-cam-xuc-tu-bach-tuoc","title":{"rendered":"Ph\u00edch c\u1eafm x\u00fac tu b\u1ea1ch tu\u1ed9c"},"content":{"rendered":"<p><img loading=\"lazy\" decoding=\"async\" class=\"alignnone size-medium wp-image-642\" src=\"https:\/\/analvn.com\/wp-content\/uploads\/2023\/06\/O1CN01meOpql1EW0XkwZMGH_2211602160358-0-cib-300x300.jpg\" alt=\"\" width=\"300\" height=\"300\" srcset=\"https:\/\/analvn.com\/wp-content\/uploads\/2023\/06\/O1CN01meOpql1EW0XkwZMGH_2211602160358-0-cib-300x300.jpg 300w, https:\/\/analvn.com\/wp-content\/uploads\/2023\/06\/O1CN01meOpql1EW0XkwZMGH_2211602160358-0-cib-150x150.jpg 150w, https:\/\/analvn.com\/wp-content\/uploads\/2023\/06\/O1CN01meOpql1EW0XkwZMGH_2211602160358-0-cib-768x768.jpg 768w, https:\/\/analvn.com\/wp-content\/uploads\/2023\/06\/O1CN01meOpql1EW0XkwZMGH_2211602160358-0-cib-600x600.jpg 600w, https:\/\/analvn.com\/wp-content\/uploads\/2023\/06\/O1CN01meOpql1EW0XkwZMGH_2211602160358-0-cib-100x100.jpg 100w, https:\/\/analvn.com\/wp-content\/uploads\/2023\/06\/O1CN01meOpql1EW0XkwZMGH_2211602160358-0-cib-50x50.jpg 50w, https:\/\/analvn.com\/wp-content\/uploads\/2023\/06\/O1CN01meOpql1EW0XkwZMGH_2211602160358-0-cib.jpg 1000w\" sizes=\"auto, (max-width: 300px) 100vw, 300px\" \/> <img loading=\"lazy\" decoding=\"async\" class=\"alignnone size-medium wp-image-641\" src=\"https:\/\/analvn.com\/wp-content\/uploads\/2023\/06\/z3543416548029_8b55ad69150cc93e491a97e03b8a6110-298x300.jpg\" alt=\"\" width=\"298\" height=\"300\" srcset=\"https:\/\/analvn.com\/wp-content\/uploads\/2023\/06\/z3543416548029_8b55ad69150cc93e491a97e03b8a6110-298x300.jpg 298w, https:\/\/analvn.com\/wp-content\/uploads\/2023\/06\/z3543416548029_8b55ad69150cc93e491a97e03b8a6110-150x150.jpg 150w, https:\/\/analvn.com\/wp-content\/uploads\/2023\/06\/z3543416548029_8b55ad69150cc93e491a97e03b8a6110-600x604.jpg 600w, https:\/\/analvn.com\/wp-content\/uploads\/2023\/06\/z3543416548029_8b55ad69150cc93e491a97e03b8a6110-100x100.jpg 100w, https:\/\/analvn.com\/wp-content\/uploads\/2023\/06\/z3543416548029_8b55ad69150cc93e491a97e03b8a6110-50x50.jpg 50w, https:\/\/analvn.com\/wp-content\/uploads\/2023\/06\/z3543416548029_8b55ad69150cc93e491a97e03b8a6110.jpg 698w\" sizes=\"auto, (max-width: 298px) 100vw, 298px\" \/><\/p>\n","protected":false},"excerpt":{"rendered":"<p>Ch\u1ea5t li\u1ec7u gel silica cao c\u1ea5p an to\u00e0n cho ng\u01b0\u1eddi d\u00f9ng<br \/>\n\u0110\u1ed9 m\u1ec1m d\u1ebbo v\u1eeba \u0111\u1ee7, \u0111\u00e0n h\u1ed3i, u\u1ed1n cong tho\u1ea3i m\u00e1i<br \/>\nK\u00edch th\u01b0\u1edbc l\u1edbn, n\u00ean d\u00f9ng th\u00eam gel b\u00f4i tr\u01a1n<\/p>\n","protected":false},"featured_media":641,"template":"","meta":[],"product_cat":[19,165],"product_tag":[51,88,54,52,55,53],"class_list":{"0":"post-697","1":"product","2":"type-product","3":"status-publish","4":"has-post-thumbnail","6":"product_cat-anal","7":"product_cat-anal-big","8":"product_tag-anal","9":"product_tag-big-size","10":"product_tag-butt-plug","11":"product_tag-hau-mon","12":"product_tag-phich-cam","13":"product_tag-plug-in","15":"first","16":"instock","17":"shipping-taxable","18":"purchasable","19":"product-type-variable"},"jetpack_sharing_enabled":true,"_links":{"self":[{"href":"https:\/\/analvn.com\/index.php?rest_route=\/wp\/v2\/product\/697","targetHints":{"allow":["GET"]}}],"collection":[{"href":"https:\/\/analvn.com\/index.php?rest_route=\/wp\/v2\/product"}],"about":[{"href":"https:\/\/analvn.com\/index.php?rest_route=\/wp\/v2\/types\/product"}],"wp:featuredmedia":[{"embeddable":true,"href":"https:\/\/analvn.com\/index.php?rest_route=\/wp\/v2\/media\/641"}],"wp:attachment":[{"href":"https:\/\/analvn.com\/index.php?rest_route=%2Fwp%2Fv2%2Fmedia&parent=697"}],"wp:term":[{"taxonomy":"product_cat","embeddable":true,"href":"https:\/\/analvn.com\/index.php?rest_route=%2Fwp%2Fv2%2Fproduct_cat&post=697"},{"taxonomy":"product_tag","embeddable":true,"href":"https:\/\/analvn.com\/index.php?rest_route=%2Fwp%2Fv2%2Fproduct_tag&post=697"}],"curies":[{"name":"wp","href":"https:\/\/api.w.org\/{rel}","templated":true}]}}