{"id":714,"date":"2023-06-06T06:11:45","date_gmt":"2023-06-06T06:11:45","guid":{"rendered":"https:\/\/analvn.com\/?post_type=product&#038;p=714"},"modified":"2024-02-18T14:37:44","modified_gmt":"2024-02-18T14:37:44","slug":"phich-cam-anal-co-lon-dang-phong","status":"publish","type":"product","link":"https:\/\/analvn.com\/?product=phich-cam-anal-co-lon-dang-phong","title":{"rendered":"Ph\u00edch c\u1eafm anal c\u1ee1 l\u1edbn d\u00e1ng ph\u1ed3ng"},"content":{"rendered":"<p><img loading=\"lazy\" decoding=\"async\" class=\"alignnone size-medium wp-image-604\" src=\"https:\/\/analvn.com\/wp-content\/uploads\/2023\/06\/O1CN01Va9WVy1q2eY8g2w3c_2208387495438-0-cib-300x300.jpg\" alt=\"\" width=\"300\" height=\"300\" srcset=\"https:\/\/analvn.com\/wp-content\/uploads\/2023\/06\/O1CN01Va9WVy1q2eY8g2w3c_2208387495438-0-cib-300x300.jpg 300w, https:\/\/analvn.com\/wp-content\/uploads\/2023\/06\/O1CN01Va9WVy1q2eY8g2w3c_2208387495438-0-cib-150x150.jpg 150w, https:\/\/analvn.com\/wp-content\/uploads\/2023\/06\/O1CN01Va9WVy1q2eY8g2w3c_2208387495438-0-cib-768x768.jpg 768w, https:\/\/analvn.com\/wp-content\/uploads\/2023\/06\/O1CN01Va9WVy1q2eY8g2w3c_2208387495438-0-cib-600x600.jpg 600w, https:\/\/analvn.com\/wp-content\/uploads\/2023\/06\/O1CN01Va9WVy1q2eY8g2w3c_2208387495438-0-cib-100x100.jpg 100w, https:\/\/analvn.com\/wp-content\/uploads\/2023\/06\/O1CN01Va9WVy1q2eY8g2w3c_2208387495438-0-cib-50x50.jpg 50w, https:\/\/analvn.com\/wp-content\/uploads\/2023\/06\/O1CN01Va9WVy1q2eY8g2w3c_2208387495438-0-cib.jpg 1000w\" sizes=\"auto, (max-width: 300px) 100vw, 300px\" \/><\/p>\n","protected":false},"excerpt":{"rendered":"<p>Ch\u1ea5t li\u1ec7u PVC an to\u00e0n cho ng\u01b0\u1eddi d\u00f9ng<br \/>\n\u0110\u1ed9 m\u1ec1m d\u1ebbo v\u1eeba \u0111\u1ee7, \u0111\u00e0n h\u1ed3i, u\u1ed1n cong tho\u1ea3i m\u00e1i<br \/>\nK\u00edch th\u01b0\u1edbc l\u1edbn, n\u00ean d\u00f9ng th\u00eam gel b\u00f4i tr\u01a1n<\/p>\n","protected":false},"featured_media":606,"template":"","meta":[],"product_cat":[19,165],"product_tag":[51,89,88,66,52,55,53],"class_list":{"0":"post-714","1":"product","2":"type-product","3":"status-publish","4":"has-post-thumbnail","6":"product_cat-anal","7":"product_cat-anal-big","8":"product_tag-anal","9":"product_tag-big","10":"product_tag-big-size","11":"product_tag-chuoi-hat","12":"product_tag-hau-mon","13":"product_tag-phich-cam","14":"product_tag-plug-in","16":"first","17":"instock","18":"shipping-taxable","19":"purchasable","20":"product-type-simple"},"jetpack_sharing_enabled":true,"_links":{"self":[{"href":"https:\/\/analvn.com\/index.php?rest_route=\/wp\/v2\/product\/714","targetHints":{"allow":["GET"]}}],"collection":[{"href":"https:\/\/analvn.com\/index.php?rest_route=\/wp\/v2\/product"}],"about":[{"href":"https:\/\/analvn.com\/index.php?rest_route=\/wp\/v2\/types\/product"}],"wp:featuredmedia":[{"embeddable":true,"href":"https:\/\/analvn.com\/index.php?rest_route=\/wp\/v2\/media\/606"}],"wp:attachment":[{"href":"https:\/\/analvn.com\/index.php?rest_route=%2Fwp%2Fv2%2Fmedia&parent=714"}],"wp:term":[{"taxonomy":"product_cat","embeddable":true,"href":"https:\/\/analvn.com\/index.php?rest_route=%2Fwp%2Fv2%2Fproduct_cat&post=714"},{"taxonomy":"product_tag","embeddable":true,"href":"https:\/\/analvn.com\/index.php?rest_route=%2Fwp%2Fv2%2Fproduct_tag&post=714"}],"curies":[{"name":"wp","href":"https:\/\/api.w.org\/{rel}","templated":true}]}}