{"id":718,"date":"2023-06-06T06:14:54","date_gmt":"2023-06-06T06:14:54","guid":{"rendered":"https:\/\/analvn.com\/?post_type=product&#038;p=718"},"modified":"2024-04-26T06:12:10","modified_gmt":"2024-04-26T06:12:10","slug":"anal-toy-dang-dai-vay-noi","status":"publish","type":"product","link":"https:\/\/analvn.com\/?product=anal-toy-dang-dai-vay-noi","title":{"rendered":"Anal toy d\u00e1ng d\u00e0i v\u1ea3y n\u1ed5i"},"content":{"rendered":"<p><img loading=\"lazy\" decoding=\"async\" class=\"alignnone size-medium wp-image-599\" src=\"https:\/\/analvn.com\/wp-content\/uploads\/2023\/06\/O1CN01okggkl1ySJiQBrH3f_3882886577-0-cib-300x300.jpg\" alt=\"\" width=\"300\" height=\"300\" srcset=\"https:\/\/analvn.com\/wp-content\/uploads\/2023\/06\/O1CN01okggkl1ySJiQBrH3f_3882886577-0-cib-300x300.jpg 300w, https:\/\/analvn.com\/wp-content\/uploads\/2023\/06\/O1CN01okggkl1ySJiQBrH3f_3882886577-0-cib-150x150.jpg 150w, https:\/\/analvn.com\/wp-content\/uploads\/2023\/06\/O1CN01okggkl1ySJiQBrH3f_3882886577-0-cib-768x768.jpg 768w, https:\/\/analvn.com\/wp-content\/uploads\/2023\/06\/O1CN01okggkl1ySJiQBrH3f_3882886577-0-cib-600x600.jpg 600w, https:\/\/analvn.com\/wp-content\/uploads\/2023\/06\/O1CN01okggkl1ySJiQBrH3f_3882886577-0-cib-100x100.jpg 100w, https:\/\/analvn.com\/wp-content\/uploads\/2023\/06\/O1CN01okggkl1ySJiQBrH3f_3882886577-0-cib-50x50.jpg 50w, https:\/\/analvn.com\/wp-content\/uploads\/2023\/06\/O1CN01okggkl1ySJiQBrH3f_3882886577-0-cib.jpg 1000w\" sizes=\"auto, (max-width: 300px) 100vw, 300px\" \/><\/p>\n","protected":false},"excerpt":{"rendered":"<p>Ch\u1ea5t li\u1ec7u TPE an to\u00e0n<br \/>\nK\u00edch th\u01b0\u1edbc 45x2cm<br \/>\n\u0110\u1ed9 m\u1ec1m d\u1ebbo cao, u\u1ed1n cong xo\u1eafn bu\u1ed9c tho\u1ea3i m\u00e1i<br \/>\nD\u1ec5 s\u1eed d\u1ee5ng<br \/>\nV\u00e2n n\u1ed5i t\u0103ng k\u00edch th\u00edch<\/p>\n","protected":false},"featured_media":602,"template":"","meta":[],"product_cat":[19,165],"product_tag":[51,88,91,52,55,53],"class_list":{"0":"post-718","1":"product","2":"type-product","3":"status-publish","4":"has-post-thumbnail","6":"product_cat-anal","7":"product_cat-anal-big","8":"product_tag-anal","9":"product_tag-big-size","10":"product_tag-dai","11":"product_tag-hau-mon","12":"product_tag-phich-cam","13":"product_tag-plug-in","15":"first","16":"instock","17":"shipping-taxable","18":"purchasable","19":"product-type-simple"},"jetpack_sharing_enabled":true,"_links":{"self":[{"href":"https:\/\/analvn.com\/index.php?rest_route=\/wp\/v2\/product\/718","targetHints":{"allow":["GET"]}}],"collection":[{"href":"https:\/\/analvn.com\/index.php?rest_route=\/wp\/v2\/product"}],"about":[{"href":"https:\/\/analvn.com\/index.php?rest_route=\/wp\/v2\/types\/product"}],"wp:featuredmedia":[{"embeddable":true,"href":"https:\/\/analvn.com\/index.php?rest_route=\/wp\/v2\/media\/602"}],"wp:attachment":[{"href":"https:\/\/analvn.com\/index.php?rest_route=%2Fwp%2Fv2%2Fmedia&parent=718"}],"wp:term":[{"taxonomy":"product_cat","embeddable":true,"href":"https:\/\/analvn.com\/index.php?rest_route=%2Fwp%2Fv2%2Fproduct_cat&post=718"},{"taxonomy":"product_tag","embeddable":true,"href":"https:\/\/analvn.com\/index.php?rest_route=%2Fwp%2Fv2%2Fproduct_tag&post=718"}],"curies":[{"name":"wp","href":"https:\/\/api.w.org\/{rel}","templated":true}]}}