{"id":841,"date":"2023-06-07T13:01:14","date_gmt":"2023-06-07T13:01:14","guid":{"rendered":"https:\/\/analvn.com\/?post_type=product&#038;p=841"},"modified":"2024-02-18T14:35:05","modified_gmt":"2024-02-18T14:35:05","slug":"thuy-tinh-dang-gay-bong-chay-co-gai","status":"publish","type":"product","link":"https:\/\/analvn.com\/?product=thuy-tinh-dang-gay-bong-chay-co-gai","title":{"rendered":"Th\u1ee7y tinh d\u00e1ng g\u1eady b\u00f3ng ch\u00e0y c\u00f3 gai"},"content":{"rendered":"<p><img loading=\"lazy\" decoding=\"async\" class=\"alignnone size-medium wp-image-838\" src=\"https:\/\/analvn.com\/wp-content\/uploads\/2023\/06\/z2364279446525_8fe7d9cb0160bbd679a40e9a726d9eb9-300x144.jpg\" alt=\"\" width=\"300\" height=\"144\" srcset=\"https:\/\/analvn.com\/wp-content\/uploads\/2023\/06\/z2364279446525_8fe7d9cb0160bbd679a40e9a726d9eb9-300x144.jpg 300w, https:\/\/analvn.com\/wp-content\/uploads\/2023\/06\/z2364279446525_8fe7d9cb0160bbd679a40e9a726d9eb9-768x369.jpg 768w, https:\/\/analvn.com\/wp-content\/uploads\/2023\/06\/z2364279446525_8fe7d9cb0160bbd679a40e9a726d9eb9-600x288.jpg 600w, https:\/\/analvn.com\/wp-content\/uploads\/2023\/06\/z2364279446525_8fe7d9cb0160bbd679a40e9a726d9eb9.jpg 816w\" sizes=\"auto, (max-width: 300px) 100vw, 300px\" \/><\/p>\n","protected":false},"excerpt":{"rendered":"<p>Ch\u1ea5t li\u1ec7u: Th\u1ee7y tinh<br \/>\nD\u1ea1ng: Trong su\u1ed1t nguy\u00ean kh\u1ed1i<br \/>\n\u0110\u1eb7c \u0111i\u1ec3m: Kh\u00f4ng m\u00f9i, s\u1ea1ch s\u1ebd, ch\u1ec9 c\u1ea7n v\u1ec7 sinh qua n\u01b0\u1edbc l\u1ea1nh b\u00ecnh th\u01b0\u1eddng. S\u1ea3n ph\u1ea9m c\u00f3 th\u1ec3 t\u00e1i s\u1eed d\u1ee5ng nhi\u1ec1u l\u1ea7n.<br \/>\nRung: Kh\u00f4ng rung<br \/>\n\u0110\u1ed9 c\u1ee9ng\/ m\u1ec1m: Th\u1ee7y tinh \u0111\u1eb7c, \u0111\u1ed9 b\u1ec1n r\u1ea5t cao, an to\u00e0n tuy\u1ec7t \u0111\u1ed1i khi s\u1eed d\u1ee5ng<\/p>\n","protected":false},"featured_media":828,"template":"","meta":[],"product_cat":[23],"product_tag":[51,52,55,71],"class_list":{"0":"post-841","1":"product","2":"type-product","3":"status-publish","4":"has-post-thumbnail","6":"product_cat-thuy-tinh","7":"product_tag-anal","8":"product_tag-hau-mon","9":"product_tag-phich-cam","10":"product_tag-thuy-tinh","12":"first","13":"instock","14":"shipping-taxable","15":"purchasable","16":"product-type-simple"},"jetpack_sharing_enabled":true,"_links":{"self":[{"href":"https:\/\/analvn.com\/index.php?rest_route=\/wp\/v2\/product\/841","targetHints":{"allow":["GET"]}}],"collection":[{"href":"https:\/\/analvn.com\/index.php?rest_route=\/wp\/v2\/product"}],"about":[{"href":"https:\/\/analvn.com\/index.php?rest_route=\/wp\/v2\/types\/product"}],"wp:featuredmedia":[{"embeddable":true,"href":"https:\/\/analvn.com\/index.php?rest_route=\/wp\/v2\/media\/828"}],"wp:attachment":[{"href":"https:\/\/analvn.com\/index.php?rest_route=%2Fwp%2Fv2%2Fmedia&parent=841"}],"wp:term":[{"taxonomy":"product_cat","embeddable":true,"href":"https:\/\/analvn.com\/index.php?rest_route=%2Fwp%2Fv2%2Fproduct_cat&post=841"},{"taxonomy":"product_tag","embeddable":true,"href":"https:\/\/analvn.com\/index.php?rest_route=%2Fwp%2Fv2%2Fproduct_tag&post=841"}],"curies":[{"name":"wp","href":"https:\/\/api.w.org\/{rel}","templated":true}]}}