{"id":878,"date":"2023-06-07T13:37:59","date_gmt":"2023-06-07T13:37:59","guid":{"rendered":"https:\/\/analvn.com\/?post_type=product&#038;p=878"},"modified":"2024-02-18T14:33:32","modified_gmt":"2024-02-18T14:33:32","slug":"duoi-cao-mau-xam-pha-trang","status":"publish","type":"product","link":"https:\/\/analvn.com\/?product=duoi-cao-mau-xam-pha-trang","title":{"rendered":"\u0110u\u00f4i c\u00e1o m\u00e0u x\u00e1m pha tr\u1eafng"},"content":{"rendered":"","protected":false},"excerpt":{"rendered":"<p>\u0110u\u00f4i c\u00e1o \u0111\u1ea7u c\u1eafm 2.8cm<br \/>\nChi\u1ec1u d\u00e0i \u0111u\u00f4i 40cm<\/p>\n","protected":false},"featured_media":736,"template":"","meta":[],"product_cat":[19,163,167],"product_tag":[51,54,82,81,52,55],"class_list":{"0":"post-878","1":"product","2":"type-product","3":"status-publish","4":"has-post-thumbnail","6":"product_cat-anal","7":"product_cat-anal-small","8":"product_cat-anal-tail","9":"product_tag-anal","10":"product_tag-butt-plug","11":"product_tag-duoi-cao","12":"product_tag-fox-tail","13":"product_tag-hau-mon","14":"product_tag-phich-cam","16":"first","17":"instock","18":"shipping-taxable","19":"purchasable","20":"product-type-simple"},"jetpack_sharing_enabled":true,"_links":{"self":[{"href":"https:\/\/analvn.com\/index.php?rest_route=\/wp\/v2\/product\/878","targetHints":{"allow":["GET"]}}],"collection":[{"href":"https:\/\/analvn.com\/index.php?rest_route=\/wp\/v2\/product"}],"about":[{"href":"https:\/\/analvn.com\/index.php?rest_route=\/wp\/v2\/types\/product"}],"wp:featuredmedia":[{"embeddable":true,"href":"https:\/\/analvn.com\/index.php?rest_route=\/wp\/v2\/media\/736"}],"wp:attachment":[{"href":"https:\/\/analvn.com\/index.php?rest_route=%2Fwp%2Fv2%2Fmedia&parent=878"}],"wp:term":[{"taxonomy":"product_cat","embeddable":true,"href":"https:\/\/analvn.com\/index.php?rest_route=%2Fwp%2Fv2%2Fproduct_cat&post=878"},{"taxonomy":"product_tag","embeddable":true,"href":"https:\/\/analvn.com\/index.php?rest_route=%2Fwp%2Fv2%2Fproduct_tag&post=878"}],"curies":[{"name":"wp","href":"https:\/\/api.w.org\/{rel}","templated":true}]}}