{"id":883,"date":"2023-06-07T13:36:31","date_gmt":"2023-06-07T13:36:31","guid":{"rendered":"https:\/\/analvn.com\/?post_type=product&#038;p=883"},"modified":"2024-02-18T14:32:59","modified_gmt":"2024-02-18T14:32:59","slug":"bo-duoi-cao-den-trang-kem-tai","status":"publish","type":"product","link":"https:\/\/analvn.com\/?product=bo-duoi-cao-den-trang-kem-tai","title":{"rendered":"B\u1ed9 \u0111u\u00f4i c\u00e1o \u0111en tr\u1eafng k\u00e8m tai"},"content":{"rendered":"<p><img loading=\"lazy\" decoding=\"async\" class=\"alignnone size-medium wp-image-884\" src=\"https:\/\/analvn.com\/wp-content\/uploads\/2023\/06\/z2115687057562_74d8c31a60b1737628a7f694641bd001-297x300.jpg\" alt=\"\" width=\"297\" height=\"300\" srcset=\"https:\/\/analvn.com\/wp-content\/uploads\/2023\/06\/z2115687057562_74d8c31a60b1737628a7f694641bd001-297x300.jpg 297w, https:\/\/analvn.com\/wp-content\/uploads\/2023\/06\/z2115687057562_74d8c31a60b1737628a7f694641bd001-600x606.jpg 600w, https:\/\/analvn.com\/wp-content\/uploads\/2023\/06\/z2115687057562_74d8c31a60b1737628a7f694641bd001-100x100.jpg 100w, https:\/\/analvn.com\/wp-content\/uploads\/2023\/06\/z2115687057562_74d8c31a60b1737628a7f694641bd001-50x50.jpg 50w, https:\/\/analvn.com\/wp-content\/uploads\/2023\/06\/z2115687057562_74d8c31a60b1737628a7f694641bd001.jpg 649w\" sizes=\"auto, (max-width: 297px) 100vw, 297px\" \/> <img loading=\"lazy\" decoding=\"async\" class=\"alignnone size-medium wp-image-759\" src=\"https:\/\/analvn.com\/wp-content\/uploads\/2023\/06\/12914158202_1721519149-300x300.jpg\" alt=\"\" width=\"300\" height=\"300\" srcset=\"https:\/\/analvn.com\/wp-content\/uploads\/2023\/06\/12914158202_1721519149-300x300.jpg 300w, https:\/\/analvn.com\/wp-content\/uploads\/2023\/06\/12914158202_1721519149-150x150.jpg 150w, https:\/\/analvn.com\/wp-content\/uploads\/2023\/06\/12914158202_1721519149-768x768.jpg 768w, https:\/\/analvn.com\/wp-content\/uploads\/2023\/06\/12914158202_1721519149-600x600.jpg 600w, https:\/\/analvn.com\/wp-content\/uploads\/2023\/06\/12914158202_1721519149-100x100.jpg 100w, https:\/\/analvn.com\/wp-content\/uploads\/2023\/06\/12914158202_1721519149-50x50.jpg 50w, https:\/\/analvn.com\/wp-content\/uploads\/2023\/06\/12914158202_1721519149.jpg 800w\" sizes=\"auto, (max-width: 300px) 100vw, 300px\" \/><\/p>\n","protected":false},"excerpt":{"rendered":"<p>\u0110u\u00f4i c\u00e1o \u0111\u1ea7u c\u1eafm 2.8cm<br \/>\nChi\u1ec1u d\u00e0i \u0111u\u00f4i 40cm<br \/>\nTai c\u00e1o c\u00f9ng m\u00e0u<\/p>\n","protected":false},"featured_media":760,"template":"","meta":[],"product_cat":[19,163,167],"product_tag":[51,54,82,81,52,55,71],"class_list":{"0":"post-883","1":"product","2":"type-product","3":"status-publish","4":"has-post-thumbnail","6":"product_cat-anal","7":"product_cat-anal-small","8":"product_cat-anal-tail","9":"product_tag-anal","10":"product_tag-butt-plug","11":"product_tag-duoi-cao","12":"product_tag-fox-tail","13":"product_tag-hau-mon","14":"product_tag-phich-cam","15":"product_tag-thuy-tinh","17":"first","18":"instock","19":"shipping-taxable","20":"purchasable","21":"product-type-simple"},"jetpack_sharing_enabled":true,"_links":{"self":[{"href":"https:\/\/analvn.com\/index.php?rest_route=\/wp\/v2\/product\/883","targetHints":{"allow":["GET"]}}],"collection":[{"href":"https:\/\/analvn.com\/index.php?rest_route=\/wp\/v2\/product"}],"about":[{"href":"https:\/\/analvn.com\/index.php?rest_route=\/wp\/v2\/types\/product"}],"wp:featuredmedia":[{"embeddable":true,"href":"https:\/\/analvn.com\/index.php?rest_route=\/wp\/v2\/media\/760"}],"wp:attachment":[{"href":"https:\/\/analvn.com\/index.php?rest_route=%2Fwp%2Fv2%2Fmedia&parent=883"}],"wp:term":[{"taxonomy":"product_cat","embeddable":true,"href":"https:\/\/analvn.com\/index.php?rest_route=%2Fwp%2Fv2%2Fproduct_cat&post=883"},{"taxonomy":"product_tag","embeddable":true,"href":"https:\/\/analvn.com\/index.php?rest_route=%2Fwp%2Fv2%2Fproduct_tag&post=883"}],"curies":[{"name":"wp","href":"https:\/\/api.w.org\/{rel}","templated":true}]}}