{"id":901,"date":"2023-06-07T14:28:45","date_gmt":"2023-06-07T14:28:45","guid":{"rendered":"https:\/\/analvn.com\/?post_type=product&#038;p=901"},"modified":"2023-07-09T08:00:49","modified_gmt":"2023-07-09T08:00:49","slug":"duoi-tho-nhieu-mau","status":"publish","type":"product","link":"https:\/\/analvn.com\/?product=duoi-tho-nhieu-mau","title":{"rendered":"\u0110u\u00f4i th\u1ecf nhi\u1ec1u m\u00e0u"},"content":{"rendered":"<p><img loading=\"lazy\" decoding=\"async\" class=\"alignnone size-medium wp-image-752\" src=\"https:\/\/analvn.com\/wp-content\/uploads\/2023\/06\/O1CN01irvOdI1XIFQMtx2yt_2213951282900-0-cib-300x195.jpg\" alt=\"\" width=\"300\" height=\"195\" srcset=\"https:\/\/analvn.com\/wp-content\/uploads\/2023\/06\/O1CN01irvOdI1XIFQMtx2yt_2213951282900-0-cib-300x195.jpg 300w, https:\/\/analvn.com\/wp-content\/uploads\/2023\/06\/O1CN01irvOdI1XIFQMtx2yt_2213951282900-0-cib-768x499.jpg 768w, https:\/\/analvn.com\/wp-content\/uploads\/2023\/06\/O1CN01irvOdI1XIFQMtx2yt_2213951282900-0-cib-600x390.jpg 600w, https:\/\/analvn.com\/wp-content\/uploads\/2023\/06\/O1CN01irvOdI1XIFQMtx2yt_2213951282900-0-cib.jpg 790w\" sizes=\"auto, (max-width: 300px) 100vw, 300px\" \/><\/p>\n","protected":false},"excerpt":{"rendered":"<p>\u0110u\u00f4i th\u1ecf \u0111\u1ea7u c\u1eafm kim lo\u1ea1i<br \/>\nL\u00f4ng tr\u00f2n b\u00f4ng xinh x\u1eafn<\/p>\n","protected":false},"featured_media":753,"template":"","meta":[],"product_cat":[19,163,167],"product_tag":[51,54,82,81,52,55],"class_list":{"0":"post-901","1":"product","2":"type-product","3":"status-publish","4":"has-post-thumbnail","6":"product_cat-anal","7":"product_cat-anal-small","8":"product_cat-anal-tail","9":"product_tag-anal","10":"product_tag-butt-plug","11":"product_tag-duoi-cao","12":"product_tag-fox-tail","13":"product_tag-hau-mon","14":"product_tag-phich-cam","16":"first","17":"instock","18":"shipping-taxable","19":"purchasable","20":"product-type-variable"},"jetpack_sharing_enabled":true,"_links":{"self":[{"href":"https:\/\/analvn.com\/index.php?rest_route=\/wp\/v2\/product\/901","targetHints":{"allow":["GET"]}}],"collection":[{"href":"https:\/\/analvn.com\/index.php?rest_route=\/wp\/v2\/product"}],"about":[{"href":"https:\/\/analvn.com\/index.php?rest_route=\/wp\/v2\/types\/product"}],"wp:featuredmedia":[{"embeddable":true,"href":"https:\/\/analvn.com\/index.php?rest_route=\/wp\/v2\/media\/753"}],"wp:attachment":[{"href":"https:\/\/analvn.com\/index.php?rest_route=%2Fwp%2Fv2%2Fmedia&parent=901"}],"wp:term":[{"taxonomy":"product_cat","embeddable":true,"href":"https:\/\/analvn.com\/index.php?rest_route=%2Fwp%2Fv2%2Fproduct_cat&post=901"},{"taxonomy":"product_tag","embeddable":true,"href":"https:\/\/analvn.com\/index.php?rest_route=%2Fwp%2Fv2%2Fproduct_tag&post=901"}],"curies":[{"name":"wp","href":"https:\/\/api.w.org\/{rel}","templated":true}]}}