{"id":909,"date":"2023-06-07T14:48:00","date_gmt":"2023-06-07T14:48:00","guid":{"rendered":"https:\/\/analvn.com\/?post_type=product&#038;p=909"},"modified":"2024-02-18T14:32:11","modified_gmt":"2024-02-18T14:32:11","slug":"duoi-cao-xu-nhieu-mau","status":"publish","type":"product","link":"https:\/\/analvn.com\/?product=duoi-cao-xu-nhieu-mau","title":{"rendered":"\u0110u\u00f4i c\u00e1o x\u00f9 nhi\u1ec1u m\u00e0u"},"content":{"rendered":"","protected":false},"excerpt":{"rendered":"<p>\u0110u\u00f4i c\u00e1o \u0111\u1ea7u c\u1eafm 2.8cm<br \/>\nChi\u1ec1u d\u00e0i \u0111u\u00f4i 45cm<\/p>\n","protected":false},"featured_media":750,"template":"","meta":[],"product_cat":[19,163,167],"product_tag":[51,54,82,81,52,55,53],"class_list":{"0":"post-909","1":"product","2":"type-product","3":"status-publish","4":"has-post-thumbnail","6":"product_cat-anal","7":"product_cat-anal-small","8":"product_cat-anal-tail","9":"product_tag-anal","10":"product_tag-butt-plug","11":"product_tag-duoi-cao","12":"product_tag-fox-tail","13":"product_tag-hau-mon","14":"product_tag-phich-cam","15":"product_tag-plug-in","17":"first","18":"instock","19":"shipping-taxable","20":"purchasable","21":"product-type-variable"},"jetpack_sharing_enabled":true,"_links":{"self":[{"href":"https:\/\/analvn.com\/index.php?rest_route=\/wp\/v2\/product\/909","targetHints":{"allow":["GET"]}}],"collection":[{"href":"https:\/\/analvn.com\/index.php?rest_route=\/wp\/v2\/product"}],"about":[{"href":"https:\/\/analvn.com\/index.php?rest_route=\/wp\/v2\/types\/product"}],"wp:featuredmedia":[{"embeddable":true,"href":"https:\/\/analvn.com\/index.php?rest_route=\/wp\/v2\/media\/750"}],"wp:attachment":[{"href":"https:\/\/analvn.com\/index.php?rest_route=%2Fwp%2Fv2%2Fmedia&parent=909"}],"wp:term":[{"taxonomy":"product_cat","embeddable":true,"href":"https:\/\/analvn.com\/index.php?rest_route=%2Fwp%2Fv2%2Fproduct_cat&post=909"},{"taxonomy":"product_tag","embeddable":true,"href":"https:\/\/analvn.com\/index.php?rest_route=%2Fwp%2Fv2%2Fproduct_tag&post=909"}],"curies":[{"name":"wp","href":"https:\/\/api.w.org\/{rel}","templated":true}]}}