{"id":970,"date":"2023-06-09T06:24:52","date_gmt":"2023-06-09T06:24:52","guid":{"rendered":"https:\/\/analvn.com\/?post_type=product&#038;p=970"},"modified":"2025-01-17T18:12:13","modified_gmt":"2025-01-17T18:12:13","slug":"nipple-clamp-kep-num-kim-loai","status":"publish","type":"product","link":"https:\/\/analvn.com\/?product=nipple-clamp-kep-num-kim-loai","title":{"rendered":"Nipple clamp &#8211; k\u1eb9p n\u00fam kim lo\u1ea1i"},"content":{"rendered":"","protected":false},"excerpt":{"rendered":"<p>K\u1eb9p kim lo\u1ea1i s\u00e1ng b\u00f3ng, kh\u00f4ng han g\u1ec9<br \/>\nC\u00f3 d\u00e2y x\u00edch n\u1ed1i 2 b\u00ean<br \/>\nS\u1eed d\u1ee5ng: v\u1eb7n ch\u1ed1t \u0111\u1ec3 \u0111i\u1ec1u khi\u1ec3n k\u1eb9p l\u00ean\/xu\u1ed1ng<\/p>\n","protected":false},"featured_media":964,"template":"","meta":[],"product_cat":[20],"product_tag":[128,129,131,130,132],"class_list":{"0":"post-970","1":"product","2":"type-product","3":"status-publish","4":"has-post-thumbnail","6":"product_cat-bdsm","7":"product_tag-bdsm","8":"product_tag-kep","9":"product_tag-kep-num","10":"product_tag-kep-ti","11":"product_tag-nipple-clamp","13":"first","14":"instock","15":"shipping-taxable","16":"purchasable","17":"product-type-simple"},"jetpack_sharing_enabled":true,"_links":{"self":[{"href":"https:\/\/analvn.com\/index.php?rest_route=\/wp\/v2\/product\/970","targetHints":{"allow":["GET"]}}],"collection":[{"href":"https:\/\/analvn.com\/index.php?rest_route=\/wp\/v2\/product"}],"about":[{"href":"https:\/\/analvn.com\/index.php?rest_route=\/wp\/v2\/types\/product"}],"wp:featuredmedia":[{"embeddable":true,"href":"https:\/\/analvn.com\/index.php?rest_route=\/wp\/v2\/media\/964"}],"wp:attachment":[{"href":"https:\/\/analvn.com\/index.php?rest_route=%2Fwp%2Fv2%2Fmedia&parent=970"}],"wp:term":[{"taxonomy":"product_cat","embeddable":true,"href":"https:\/\/analvn.com\/index.php?rest_route=%2Fwp%2Fv2%2Fproduct_cat&post=970"},{"taxonomy":"product_tag","embeddable":true,"href":"https:\/\/analvn.com\/index.php?rest_route=%2Fwp%2Fv2%2Fproduct_tag&post=970"}],"curies":[{"name":"wp","href":"https:\/\/api.w.org\/{rel}","templated":true}]}}