{"id":978,"date":"2023-06-09T06:40:20","date_gmt":"2023-06-09T06:40:20","guid":{"rendered":"https:\/\/analvn.com\/?post_type=product&#038;p=978"},"modified":"2023-06-09T06:40:20","modified_gmt":"2023-06-09T06:40:20","slug":"mu-trum-dau-mau-3","status":"publish","type":"product","link":"https:\/\/analvn.com\/?product=mu-trum-dau-mau-3","title":{"rendered":"M\u0169 tr\u00f9m \u0111\u1ea7u m\u1eabu 3"},"content":{"rendered":"","protected":false},"excerpt":{"rendered":"<p>Ch\u1ea5t li\u1ec7u: PU<br \/>\nM\u00e0u s\u1eafc: \u0110en\/H\u1ed3ng<\/p>\n","protected":false},"featured_media":949,"template":"","meta":[],"product_cat":[20],"product_tag":[128,133],"class_list":{"0":"post-978","1":"product","2":"type-product","3":"status-publish","4":"has-post-thumbnail","6":"product_cat-bdsm","7":"product_tag-bdsm","8":"product_tag-hood","10":"first","11":"instock","12":"shipping-taxable","13":"purchasable","14":"product-type-simple"},"jetpack_sharing_enabled":true,"_links":{"self":[{"href":"https:\/\/analvn.com\/index.php?rest_route=\/wp\/v2\/product\/978","targetHints":{"allow":["GET"]}}],"collection":[{"href":"https:\/\/analvn.com\/index.php?rest_route=\/wp\/v2\/product"}],"about":[{"href":"https:\/\/analvn.com\/index.php?rest_route=\/wp\/v2\/types\/product"}],"wp:featuredmedia":[{"embeddable":true,"href":"https:\/\/analvn.com\/index.php?rest_route=\/wp\/v2\/media\/949"}],"wp:attachment":[{"href":"https:\/\/analvn.com\/index.php?rest_route=%2Fwp%2Fv2%2Fmedia&parent=978"}],"wp:term":[{"taxonomy":"product_cat","embeddable":true,"href":"https:\/\/analvn.com\/index.php?rest_route=%2Fwp%2Fv2%2Fproduct_cat&post=978"},{"taxonomy":"product_tag","embeddable":true,"href":"https:\/\/analvn.com\/index.php?rest_route=%2Fwp%2Fv2%2Fproduct_tag&post=978"}],"curies":[{"name":"wp","href":"https:\/\/api.w.org\/{rel}","templated":true}]}}